{"id":1235,"date":"2022-02-11T15:37:26","date_gmt":"2022-02-11T15:37:26","guid":{"rendered":"https:\/\/tokucast.com.br\/?page_id=1235"},"modified":"2023-07-11T15:17:53","modified_gmt":"2023-07-11T15:17:53","slug":"junior","status":"publish","type":"page","link":"https:\/\/tokucast.com.br\/?page_id=1235","title":{"rendered":"Tokucast J\u00fanior"},"content":{"rendered":"\n<p> Epis\u00f3dios &#8211; Escolha um,&nbsp;<strong>clique na imagem<\/strong>, escute e seja feliz:  <\/p>\n\n\n\n<p>Tokucast J\u00fanior #38<br><a href=\"https:\/\/tokucast.com.br\/?p=2493\n\"><img loading=\"lazy\" decoding=\"async\" class=\" wp-image-1909 alignnone\" src=\"https:\/\/tokucast.com.br\/wp-content\/uploads\/2023\/07\/TCJRBANNER0038.jpg\" alt=\"TCJRBANNER38 width=\"580\" height=\"209\"><\/a><br>\n<p>Tokucast J\u00fanior #37<br><a href=\"https:\/\/tokucast.com.br\/?p=2453\n\"><img loading=\"lazy\" decoding=\"async\" class=\" wp-image-1909 alignnone\" src=\"https:\/\/tokucast.com.br\/wp-content\/uploads\/2023\/06\/TCJRBANNER0037.jpg\" alt=\"TCJRBANNER37 width=\"580\" height=\"209\"><\/a><br>\n<p>Tokucast J\u00fanior #36<br><a href=\"https:\/\/tokucast.com.br\/?p=2383\n\"><img loading=\"lazy\" decoding=\"async\" class=\" wp-image-1909 alignnone\" src=\"https:\/\/tokucast.com.br\/wp-content\/uploads\/2023\/04\/TCJRBANNER0036.jpg\" alt=\"TCJRBANNER36 width=\"580\" height=\"209\"><\/a><br>\n<p>Tokucast J\u00fanior #35<br><a href=\"https:\/\/tokucast.com.br\/?p=2303\n\"><img loading=\"lazy\" decoding=\"async\" class=\" wp-image-1909 alignnone\" src=\"https:\/\/tokucast.com.br\/wp-content\/uploads\/2023\/02\/TCJRBANNER0035.jpg\" alt=\"TCJRBANNER35 width=\"580\" height=\"209\"><\/a><br>\n<p>Tokucast J\u00fanior #34<br><a href=\"https:\/\/tokucast.com.br\/?p=2195\n\"><img loading=\"lazy\" decoding=\"async\" class=\" wp-image-1909 alignnone\" src=\"https:\/\/tokucast.com.br\/wp-content\/uploads\/2022\/11\/TCJRBANNER0034.jpg\" alt=\"TCJRBANNER34 width=\"580\" height=\"209\"><\/a><br>\n<p>Tokucast J\u00fanior #33<br><a href=\"https:\/\/tokucast.com.br\/?p=2171\n\"><img loading=\"lazy\" decoding=\"async\" class=\" wp-image-1909 alignnone\" src=\"https:\/\/tokucast.com.br\/wp-content\/uploads\/2022\/11\/TCJRBANNER0033.jpg\" alt=\"TCJRBANNER33 width=\"580\" height=\"209\"><\/a><br>\n<p>Tokucast J\u00fanior #32<br><a href=\"https:\/\/tokucast.com.br\/?p=2124\n\"><img loading=\"lazy\" decoding=\"async\" class=\" wp-image-1909 alignnone\" src=\"https:\/\/tokucast.com.br\/wp-content\/uploads\/2022\/10\/TCJRBANNER0032.jpg\" alt=\"TCJRBANNER32 width=\"580\" height=\"209\"><\/a><br>\n<p>Tokucast J\u00fanior #31<br><a href=\"https:\/\/tokucast.com.br\/?p=2071\n\"><img loading=\"lazy\" decoding=\"async\" class=\" wp-image-1909 alignnone\" src=\"https:\/\/tokucast.com.br\/wp-content\/uploads\/2022\/09\/TCJRBANNER0031.jpg\" alt=\"TCJRBANNER31 width=\"580\" height=\"209\"><\/a><br>\n<p>Tokucast J\u00fanior #30<br><a href=\"https:\/\/tokucast.com.br\/?p=2028\n\"><img loading=\"lazy\" decoding=\"async\" class=\" wp-image-1909 alignnone\" src=\"https:\/\/tokucast.com.br\/wp-content\/uploads\/2022\/09\/TCJRBANNER0030.jpg\" alt=\"TCJRBANNER30 width=\"580\" height=\"209\"><\/a><br>\n<p>Tokucast J\u00fanior #29<br><a href=\"https:\/\/tokucast.com.br\/?p=1672\n\"><img loading=\"lazy\" decoding=\"async\" class=\" wp-image-1909 alignnone\" src=\"https:\/\/tokucast.com.br\/wp-content\/uploads\/2022\/09\/TCJRBANNER0029.jpg\" alt=\"TCJRBANNER29 width=\"580\" height=\"209\"><\/a><br>\n<p>Tokucast J\u00fanior #28<br><a href=\"https:\/\/tokucast.com.br\/?p=1651\n\"><img loading=\"lazy\" decoding=\"async\" class=\" wp-image-1909 alignnone\" src=\"https:\/\/tokucast.com.br\/wp-content\/uploads\/2022\/08\/TCJRBANNER0028.jpg\" alt=\"TCJRBANNER28 width=\"580\" height=\"209\"><\/a><br>\n<p>Tokucast J\u00fanior #27<br><a href=\"https:\/\/tokucast.com.br\/?p=1634\n\"><img loading=\"lazy\" decoding=\"async\" class=\" wp-image-1909 alignnone\" src=\"https:\/\/tokucast.com.br\/wp-content\/uploads\/2022\/08\/TCJRBANNER0027.jpg\" alt=\"TCJRBANNER27 width=\"580\" height=\"209\"><\/a><br>\n<p>Tokucast J\u00fanior #26<br><a href=\"https:\/\/tokucast.com.br\/?p=1615\n\"><img loading=\"lazy\" decoding=\"async\" class=\" wp-image-1909 alignnone\" src=\"https:\/\/tokucast.com.br\/wp-content\/uploads\/2022\/08\/TCJRBANNER0026.jpg\" alt=\"TCJRBANNER26 width=\"580\" height=\"209\"><\/a><br>\n<p>Tokucast J\u00fanior #25<br><a href=\"https:\/\/tokucast.com.br\/?p=1599\n\"><img loading=\"lazy\" decoding=\"async\" class=\" wp-image-1909 alignnone\" src=\"https:\/\/tokucast.com.br\/wp-content\/uploads\/2022\/08\/TCJRBANNER0025.jpg\" alt=\"TCJRBANNER25 width=\"580\" height=\"209\"><\/a><br>\n<p>Tokucast J\u00fanior #24<br><a href=\"https:\/\/tokucast.com.br\/?p=1578\n\"><img loading=\"lazy\" decoding=\"async\" class=\" wp-image-1909 alignnone\" src=\"https:\/\/tokucast.com.br\/wp-content\/uploads\/2022\/07\/TCJRBANNER0024.jpg\" alt=\"TCJRBANNER24 width=\"580\" height=\"209\"><\/a><br>\n<p>Tokucast J\u00fanior #23<br><a href=\"https:\/\/tokucast.com.br\/?p=1564\n\"><img loading=\"lazy\" decoding=\"async\" class=\" wp-image-1909 alignnone\" src=\"https:\/\/tokucast.com.br\/wp-content\/uploads\/2022\/07\/TCJRBANNER0023.jpg\" alt=\"TCJRBANNER23 width=\"580\" height=\"209\"><\/a><br>\n<p>Tokucast J\u00fanior #22<br><a href=\"https:\/\/tokucast.com.br\/?p=1543\n\"><img loading=\"lazy\" decoding=\"async\" class=\" wp-image-1909 alignnone\" src=\"https:\/\/tokucast.com.br\/wp-content\/uploads\/2022\/07\/TCJRBANNER0022.jpg\" alt=\"TCJRBANNER22 width=\"580\" height=\"209\"><\/a><br>\n<p>Tokucast J\u00fanior #21<br><a href=\"https:\/\/tokucast.com.br\/?p=1529\n\"><img loading=\"lazy\" decoding=\"async\" class=\" wp-image-1909 alignnone\" src=\"https:\/\/tokucast.com.br\/wp-content\/uploads\/2022\/07\/TCJRBANNER0021.jpg\" alt=\"TCJRBANNER21 width=\"580\" height=\"209\"><\/a><br>\n<p>Tokucast J\u00fanior #20<br><a href=\"https:\/\/tokucast.com.br\/?p=1516\n\"><img loading=\"lazy\" decoding=\"async\" class=\" wp-image-1909 alignnone\" src=\"https:\/\/tokucast.com.br\/wp-content\/uploads\/2022\/06\/TCJRBANNER0020.jpg\" alt=\"TCJRBANNER20 width=\"580\" height=\"209\"><\/a><br>\n<p>Tokucast J\u00fanior #19<br><a href=\"https:\/\/tokucast.com.br\/?p=1501\n\"><img loading=\"lazy\" decoding=\"async\" class=\" wp-image-1909 alignnone\" src=\"https:\/\/tokucast.com.br\/wp-content\/uploads\/2022\/06\/TCJRBANNER19.jpg\" alt=\"TCJRBANNER19 width=\"580\" height=\"209\"><\/a><br>\n<p>Tokucast J\u00fanior #18<br><a href=\"https:\/\/tokucast.com.br\/?p=1486\n\"><img loading=\"lazy\" decoding=\"async\" class=\" wp-image-1909 alignnone\" src=\"https:\/\/tokucast.com.br\/wp-content\/uploads\/2022\/06\/TCJRBANNER18.jpg\" alt=\"TCJRBANNER18 width=\"580\" height=\"209\"><\/a><br>\n<p>Tokucast J\u00fanior #17<br><a href=\"https:\/\/tokucast.com.br\/?p=1473\n\"><img loading=\"lazy\" decoding=\"async\" class=\" wp-image-1909 alignnone\" src=\"https:\/\/tokucast.com.br\/wp-content\/uploads\/2022\/06\/TCJRBANNER17.jpg\" alt=\"TCJRBANNER16 width=\"580\" height=\"209\"><\/a><br>\n<p>Tokucast J\u00fanior #16<br><a href=\"https:\/\/tokucast.com.br\/?p=1456\n\"><img loading=\"lazy\" decoding=\"async\" class=\" wp-image-1909 alignnone\" src=\"https:\/\/tokucast.com.br\/wp-content\/uploads\/2022\/05\/TCJRBANNER16.jpg\" alt=\"TCJRBANNER16 width=\"580\" height=\"209\"><\/a><br>\n<p>Tokucast J\u00fanior #15<br><a href=\"https:\/\/tokucast.com.br\/?p=1442\n\"><img loading=\"lazy\" decoding=\"async\" class=\" wp-image-1909 alignnone\" src=\"https:\/\/tokucast.com.br\/wp-content\/uploads\/2022\/05\/TCJRBANNER15.jpg\" alt=\"TCJRBANNER15 width=\"580\" height=\"209\"><\/a><br>\n<p>Tokucast J\u00fanior #14<br><a href=\"https:\/\/tokucast.com.br\/?p=1424\n\"><img loading=\"lazy\" decoding=\"async\" class=\" wp-image-1909 alignnone\" src=\"https:\/\/tokucast.com.br\/wp-content\/uploads\/2022\/05\/TCJRBANNER14.jpg\" alt=\"TCJRBANNER14 width=\"580\" height=\"209\"><\/a><br>\n<p>Tokucast J\u00fanior #13<br><a href=\"https:\/\/tokucast.com.br\/?p=1404\n\"><img loading=\"lazy\" decoding=\"async\" class=\" wp-image-1909 alignnone\" src=\"https:\/\/tokucast.com.br\/wp-content\/uploads\/2022\/05\/TCJRBANNER13.jpg\" alt=\"TCJRBANNER13 width=\"580\" height=\"209\"><\/a><br>\n<p>Tokucast J\u00fanior #12<br><a href=\"https:\/\/tokucast.com.br\/?p=1394\n\"><img loading=\"lazy\" decoding=\"async\" class=\" wp-image-1909 alignnone\" src=\"https:\/\/tokucast.com.br\/wp-content\/uploads\/2022\/04\/TCJRBANNER12.jpg\" alt=\"TCJRBANNER12 width=\"580\" height=\"209\"><\/a><br>\n<p>Tokucast J\u00fanior #11<br><a href=\"https:\/\/tokucast.com.br\/?p=1381\n\"><img loading=\"lazy\" decoding=\"async\" class=\" wp-image-1909 alignnone\" src=\"https:\/\/tokucast.com.br\/wp-content\/uploads\/2022\/04\/TCJRBANNER11.jpg\" alt=\"TCJRBANNER11 width=\"580\" height=\"209\"><\/a><br>\n<p>Tokucast J\u00fanior #10<br><a href=\"https:\/\/tokucast.com.br\/?p=1369\n\"><img loading=\"lazy\" decoding=\"async\" class=\" wp-image-1909 alignnone\" src=\"https:\/\/tokucast.com.br\/wp-content\/uploads\/2022\/04\/TCJRBANNER10.jpg\" alt=\"TCJRBANNER10\" width=\"580\" height=\"209\"><\/a><br>\n<p>Tokucast J\u00fanior #9<br><a href=\"https:\/\/tokucast.com.br\/?p=1356\n\"><img loading=\"lazy\" decoding=\"async\" class=\" wp-image-1909 alignnone\" src=\"https:\/\/tokucast.com.br\/wp-content\/uploads\/2022\/04\/TCJRBANNER009.jpg\" alt=\"TCJRBANNER009\" width=\"580\" height=\"209\"><\/a><br>\n<p>Tokucast J\u00fanior #8<br><a href=\"https:\/\/tokucast.com.br\/?p=1343\n\"><img loading=\"lazy\" decoding=\"async\" class=\" wp-image-1909 alignnone\" src=\"https:\/\/tokucast.com.br\/wp-content\/uploads\/2022\/04\/TCJRBANNER008.jpg\" alt=\"TCJRBANNER008\" width=\"580\" height=\"209\"><\/a><br>\n<p>Tokucast J\u00fanior #7<br><a href=\"https:\/\/tokucast.com.br\/?p=1329\n\"><img loading=\"lazy\" decoding=\"async\" class=\" wp-image-1909 alignnone\" src=\"https:\/\/tokucast.com.br\/wp-content\/uploads\/2022\/03\/TCJRBANNER007.jpg\" alt=\"TCJRBANNER007\" width=\"580\" height=\"209\"><\/a><br>\n<p>Tokucast J\u00fanior #6<br><a href=\"https:\/\/tokucast.com.br\/?p=1307\n\"><img loading=\"lazy\" decoding=\"async\" class=\" wp-image-1909 alignnone\" src=\"https:\/\/tokucast.com.br\/wp-content\/uploads\/2022\/03\/TCJRBANNER006.jpg\" alt=\"TCJRBANNER006\" width=\"580\" height=\"209\"><\/a><br>\n<p>Tokucast J\u00fanior #5<br><a href=\"https:\/\/tokucast.com.br\/?p=1296\n\"><img loading=\"lazy\" decoding=\"async\" class=\" wp-image-1909 alignnone\" src=\"https:\/\/tokucast.com.br\/wp-content\/uploads\/2022\/03\/TCJRBANNER005.jpg\" alt=\"TCJRBANNER006\" width=\"580\" height=\"209\"><\/a><br>\n<p>Tokucast J\u00fanior #4<br><a href=\"https:\/\/tokucast.com.br\/?p=1282\n\"><img loading=\"lazy\" decoding=\"async\" class=\" wp-image-1909 alignnone\" src=\"https:\/\/tokucast.com.br\/wp-content\/uploads\/2022\/03\/TCJRBANNER004.jpg\" alt=\"TCJRBANNER004\" width=\"580\" height=\"209\"><\/a><br>\n<p>Tokucast J\u00fanior #3<br><a href=\"https:\/\/tokucast.com.br\/?p=1269\n\"><img loading=\"lazy\" decoding=\"async\" class=\" wp-image-1909 alignnone\" src=\"https:\/\/tokucast.com.br\/wp-content\/uploads\/2022\/02\/TCJRBANNER003.jpg\" alt=\"TCJRBANNER003\" width=\"580\" height=\"209\"><\/a><br>\n<p>Tokucast J\u00fanior #2<br><a href=\"https:\/\/tokucast.com.br\/?p=1256\n\"><img loading=\"lazy\" decoding=\"async\" class=\" wp-image-1909 alignnone\" src=\"https:\/\/tokucast.com.br\/wp-content\/uploads\/2022\/02\/TCJRBANNER002.jpg\" alt=\"TCJRBANNER002\" width=\"580\" height=\"209\"><\/a><br>\n<p>Tokucast J\u00fanior #1<br><a href=\"https:\/\/tokucast.com.br\/?p=1229\n\"><img loading=\"lazy\" decoding=\"async\" class=\" wp-image-1909 alignnone\" src=\"https:\/\/tokucast.com.br\/wp-content\/uploads\/2022\/02\/TCJRBANNER001-1.jpg\" alt=\"TCJRBANNER001\" width=\"580\" height=\"209\"><\/a><br>\n","protected":false},"excerpt":{"rendered":"<p>Epis\u00f3dios &#8211; Escolha um,&nbsp;clique na imagem, escute e seja feliz: Tokucast J\u00fanior #38 Tokucast J\u00fanior #36 Tokucast J\u00fanior #34 Tokucast J\u00fanior #32 Tokucast J\u00fanior #30 Tokucast J\u00fanior #28 Tokucast J\u00fanior #26 Tokucast J\u00fanior #24 Tokucast J\u00fanior #22 Tokucast J\u00fanior #20&hellip; <a href=\"https:\/\/tokucast.com.br\/?page_id=1235\" class=\"more-link\">Continue Reading <span class=\"meta-nav\">&rarr;<\/span><\/a><\/p>\n","protected":false},"author":1,"featured_media":0,"parent":0,"menu_order":2,"comment_status":"closed","ping_status":"closed","template":"","meta":{"footnotes":""},"_links":{"self":[{"href":"https:\/\/tokucast.com.br\/index.php?rest_route=\/wp\/v2\/pages\/1235"}],"collection":[{"href":"https:\/\/tokucast.com.br\/index.php?rest_route=\/wp\/v2\/pages"}],"about":[{"href":"https:\/\/tokucast.com.br\/index.php?rest_route=\/wp\/v2\/types\/page"}],"author":[{"embeddable":true,"href":"https:\/\/tokucast.com.br\/index.php?rest_route=\/wp\/v2\/users\/1"}],"replies":[{"embeddable":true,"href":"https:\/\/tokucast.com.br\/index.php?rest_route=%2Fwp%2Fv2%2Fcomments&post=1235"}],"version-history":[{"count":42,"href":"https:\/\/tokucast.com.br\/index.php?rest_route=\/wp\/v2\/pages\/1235\/revisions"}],"predecessor-version":[{"id":2497,"href":"https:\/\/tokucast.com.br\/index.php?rest_route=\/wp\/v2\/pages\/1235\/revisions\/2497"}],"wp:attachment":[{"href":"https:\/\/tokucast.com.br\/index.php?rest_route=%2Fwp%2Fv2%2Fmedia&parent=1235"}],"curies":[{"name":"wp","href":"https:\/\/api.w.org\/{rel}","templated":true}]}}